{"id":50,"date":"2023-04-16T06:10:11","date_gmt":"2023-04-16T06:10:11","guid":{"rendered":"https:\/\/camilagroch.com\/?page_id=50"},"modified":"2025-03-10T11:17:12","modified_gmt":"2025-03-10T14:17:12","slug":"about","status":"publish","type":"page","link":"https:\/\/camilagroch.com\/en\/about\/","title":{"rendered":"About"},"content":{"rendered":"<div data-elementor-type=\"wp-page\" data-elementor-id=\"50\" class=\"elementor elementor-50\" data-elementor-post-type=\"page\">\n\t\t\t\t<div class=\"elementor-element elementor-element-ef22b72 e-flex e-con-boxed e-con e-parent\" data-id=\"ef22b72\" data-element_type=\"container\" data-e-type=\"container\" data-settings=\"{&quot;jet_parallax_layout_list&quot;:[]}\">\n\t\t\t\t\t<div class=\"e-con-inner\">\n\t\t\t\t<div class=\"elementor-element elementor-element-093ff2e elementor-hidden-tablet elementor-hidden-mobile elementor--h-position-center elementor--v-position-middle elementor-widget elementor-widget-slides\" data-id=\"093ff2e\" data-element_type=\"widget\" data-e-type=\"widget\" data-settings=\"{&quot;navigation&quot;:&quot;none&quot;,&quot;transition&quot;:&quot;fade&quot;,&quot;autoplay_speed&quot;:1500,&quot;autoplay&quot;:&quot;yes&quot;,&quot;infinite&quot;:&quot;yes&quot;,&quot;transition_speed&quot;:500}\" data-widget_type=\"slides.default\">\n\t\t\t\t<div class=\"elementor-widget-container\">\n\t\t\t\t\t\t\t\t\t<div class=\"elementor-swiper\">\n\t\t\t\t\t<div class=\"elementor-slides-wrapper elementor-main-swiper swiper\" role=\"region\" aria-roledescription=\"carousel\" aria-label=\"Slides\" dir=\"ltr\" data-animation=\"fadeInUp\">\n\t\t\t\t<div class=\"swiper-wrapper elementor-slides\">\n\t\t\t\t\t\t\t\t\t\t<div class=\"elementor-repeater-item-c0377d4 swiper-slide\" role=\"group\" aria-roledescription=\"slide\"><div class=\"swiper-slide-bg\" role=\"img\"><\/div><div class=\"swiper-slide-inner\" ><div class=\"swiper-slide-contents\"><\/div><\/div><\/div><div class=\"elementor-repeater-item-2c805c3 swiper-slide\" role=\"group\" aria-roledescription=\"slide\"><div class=\"swiper-slide-bg\" role=\"img\"><\/div><div class=\"swiper-slide-inner\" ><div class=\"swiper-slide-contents\"><\/div><\/div><\/div><div class=\"elementor-repeater-item-786a51b swiper-slide\" role=\"group\" aria-roledescription=\"slide\"><div class=\"swiper-slide-bg\" role=\"img\"><\/div><div class=\"swiper-slide-inner\" ><div class=\"swiper-slide-contents\"><\/div><\/div><\/div><div class=\"elementor-repeater-item-693fe49 swiper-slide\" role=\"group\" aria-roledescription=\"slide\"><div class=\"swiper-slide-bg\" role=\"img\"><\/div><div class=\"swiper-slide-inner\" ><div class=\"swiper-slide-contents\"><\/div><\/div><\/div><div class=\"elementor-repeater-item-468276d swiper-slide\" role=\"group\" aria-roledescription=\"slide\"><div class=\"swiper-slide-bg\" role=\"img\"><\/div><div class=\"swiper-slide-inner\" ><div class=\"swiper-slide-contents\"><\/div><\/div><\/div>\t\t\t\t<\/div>\n\t\t\t\t\t\t\t\t\t\t\t\t\t\t\t\t\t\t\t\t\t<\/div>\n\t\t\t\t<\/div>\n\t\t\t\t\t\t\t\t<\/div>\n\t\t\t\t<\/div>\n\t\t\t\t<div class=\"elementor-element elementor-element-33b2c9d elementor-hidden-desktop elementor-skin-carousel elementor-widget elementor-widget-media-carousel\" data-id=\"33b2c9d\" data-element_type=\"widget\" data-e-type=\"widget\" data-settings=\"{&quot;effect&quot;:&quot;fade&quot;,&quot;space_between_mobile&quot;:{&quot;unit&quot;:&quot;px&quot;,&quot;size&quot;:1,&quot;sizes&quot;:[]},&quot;skin&quot;:&quot;carousel&quot;,&quot;speed&quot;:500,&quot;autoplay&quot;:&quot;yes&quot;,&quot;autoplay_speed&quot;:5000,&quot;loop&quot;:&quot;yes&quot;,&quot;pause_on_hover&quot;:&quot;yes&quot;,&quot;pause_on_interaction&quot;:&quot;yes&quot;,&quot;space_between&quot;:{&quot;unit&quot;:&quot;px&quot;,&quot;size&quot;:10,&quot;sizes&quot;:[]},&quot;space_between_tablet&quot;:{&quot;unit&quot;:&quot;px&quot;,&quot;size&quot;:10,&quot;sizes&quot;:[]}}\" data-widget_type=\"media-carousel.default\">\n\t\t\t\t<div class=\"elementor-widget-container\">\n\t\t\t\t\t\t\t\t\t<div class=\"elementor-swiper\">\n\t\t\t\t\t<div class=\"elementor-main-swiper swiper\" role=\"region\" aria-roledescription=\"carousel\" aria-label=\"Slides\">\n\t\t\t\t<div class=\"swiper-wrapper\">\n\t\t\t\t\t\t\t\t\t\t\t<div class=\"swiper-slide\" role=\"group\" aria-roledescription=\"slide\">\n\t\t\t\t\t\t\t\t\t<div class=\"elementor-carousel-image\" role=\"img\" aria-label=\"camila-groch-about-mobile00\" style=\"background-image: url(&#039;https:\/\/camilagroch.com\/wp-content\/uploads\/2025\/02\/camila-groch-about-mobile00.jpg&#039;)\">\n\n\t\t\t\n\t\t\t\t\t<\/div>\n\t\t\t\t\t\t\t\t<\/div>\n\t\t\t\t\t\t\t\t\t\t\t<div class=\"swiper-slide\" role=\"group\" aria-roledescription=\"slide\">\n\t\t\t\t\t\t\t\t\t<div class=\"elementor-carousel-image\" role=\"img\" aria-label=\"camila-groch-about-mobile11\" style=\"background-image: url(&#039;https:\/\/camilagroch.com\/wp-content\/uploads\/2025\/02\/camila-groch-about-mobile11.jpg&#039;)\">\n\n\t\t\t\n\t\t\t\t\t<\/div>\n\t\t\t\t\t\t\t\t<\/div>\n\t\t\t\t\t\t\t\t\t\t\t<div class=\"swiper-slide\" role=\"group\" aria-roledescription=\"slide\">\n\t\t\t\t\t\t\t\t\t<div class=\"elementor-carousel-image\" role=\"img\" aria-label=\"camila-groch-about-mobile12\" style=\"background-image: url(&#039;https:\/\/camilagroch.com\/wp-content\/uploads\/2025\/02\/camila-groch-about-mobile12.jpg&#039;)\">\n\n\t\t\t\n\t\t\t\t\t<\/div>\n\t\t\t\t\t\t\t\t<\/div>\n\t\t\t\t\t\t\t\t\t\t\t<div class=\"swiper-slide\" role=\"group\" aria-roledescription=\"slide\">\n\t\t\t\t\t\t\t\t\t<div class=\"elementor-carousel-image\" role=\"img\" aria-label=\"camila-groch-about-mobile13\" style=\"background-image: url(&#039;https:\/\/camilagroch.com\/wp-content\/uploads\/2025\/02\/camila-groch-about-mobile13.jpg&#039;)\">\n\n\t\t\t\n\t\t\t\t\t<\/div>\n\t\t\t\t\t\t\t\t<\/div>\n\t\t\t\t\t\t\t\t\t\t\t<div class=\"swiper-slide\" role=\"group\" aria-roledescription=\"slide\">\n\t\t\t\t\t\t\t\t\t<div class=\"elementor-carousel-image\" role=\"img\" aria-label=\"camila-groch-about-mobile14\" style=\"background-image: url(&#039;https:\/\/camilagroch.com\/wp-content\/uploads\/2025\/02\/camila-groch-about-mobile14.jpg&#039;)\">\n\n\t\t\t\n\t\t\t\t\t<\/div>\n\t\t\t\t\t\t\t\t<\/div>\n\t\t\t\t\t\t\t\t\t<\/div>\n\t\t\t\t\t\t\t\t\t\t\t\t\t\t\t\t\t\t\t\t\t<\/div>\n\t\t\t\t<\/div>\n\t\t\t\t\t\t\t\t<\/div>\n\t\t\t\t<\/div>\n\t\t\t\t<div class=\"elementor-element elementor-element-b0f96fd elementor-widget elementor-widget-text-editor\" data-id=\"b0f96fd\" data-element_type=\"widget\" data-e-type=\"widget\" data-widget_type=\"text-editor.default\">\n\t\t\t\t<div class=\"elementor-widget-container\">\n\t\t\t\t\t\t\t\t\t<h4><strong>Hello, I\u2019m Camila!<\/strong><span style=\"font-weight: 400;\"><br \/><\/span><span style=\"font-weight: 400;\">A senior executive in the filmmaking industry, with strategic vision, creative sensibility, and hands-on experience in delivering high-impact projects.<\/span><\/h4><p><span style=\"font-weight: 400;\">I learned from my grandfather that \u201cone must have eyes all around their head\u201d to see beyond the obvious. Inspired by this wisdom, I have built a solid career in the audiovisual industry over the past 25 years. A communicator by education and a producer by nature, I specialized in film project development through Fundaci\u00f3n Carolina\/Programa Ibermedia, and international labs like Talent Campus and Produire au Sud. I have worked with renowned talents and companies in Brazil, Argentina, the US, and Europe, producing films and series across various formats, genres, and scales, always balancing artistic purpose, financial efficiency, and market strategy.<\/span><\/p><p><span style=\"font-weight: 400;\">In 2010, I founded Groch Filmes as a boutique production company, focused on co-producing auteur-driven projects and providing services to the international and visual arts markets. From 2020 to 2022, as a production executive at Netflix, I led scripted originals in Brazil, a role that broadened my corporate experience, market insights, and expertise in managing complex projects.<\/span><\/p>\t\t\t\t\t\t\t\t<\/div>\n\t\t\t\t<\/div>\n\t\t\t\t\t<\/div>\n\t\t\t\t<\/div>\n\t\t<div class=\"elementor-element elementor-element-4259ecd e-flex e-con-boxed e-con e-parent\" data-id=\"4259ecd\" data-element_type=\"container\" data-e-type=\"container\" data-settings=\"{&quot;jet_parallax_layout_list&quot;:[]}\">\n\t\t\t\t\t<div class=\"e-con-inner\">\n\t\t\t\t\t<\/div>\n\t\t\t\t<\/div>\n\t\t<div class=\"elementor-element elementor-element-b20a04f e-con-full e-flex e-con e-parent\" data-id=\"b20a04f\" data-element_type=\"container\" data-e-type=\"container\" data-settings=\"{&quot;jet_parallax_layout_list&quot;:[]}\">\n\t\t<div class=\"elementor-element elementor-element-0f7e38b e-con-full e-flex e-con e-child\" data-id=\"0f7e38b\" data-element_type=\"container\" data-e-type=\"container\" data-settings=\"{&quot;jet_parallax_layout_list&quot;:[]}\">\n\t\t\t\t<div class=\"elementor-element elementor-element-d70260a elementor-widget elementor-widget-image\" data-id=\"d70260a\" data-element_type=\"widget\" data-e-type=\"widget\" data-widget_type=\"image.default\">\n\t\t\t\t<div class=\"elementor-widget-container\">\n\t\t\t\t\t\t\t\t\t\t\t\t\t\t\t<img fetchpriority=\"high\" decoding=\"async\" width=\"2113\" height=\"194\" src=\"https:\/\/camilagroch.com\/wp-content\/uploads\/2023\/04\/linhas-2.png\" class=\"attachment-full size-full wp-image-53\" alt=\"\" \/>\t\t\t\t\t\t\t\t\t\t\t\t\t\t\t<\/div>\n\t\t\t\t<\/div>\n\t\t\t\t<\/div>\n\t\t\t\t<\/div>\n\t\t<div class=\"elementor-element elementor-element-c2d2abe e-flex e-con-boxed e-con e-parent\" data-id=\"c2d2abe\" data-element_type=\"container\" data-e-type=\"container\" data-settings=\"{&quot;jet_parallax_layout_list&quot;:[]}\">\n\t\t\t\t\t<div class=\"e-con-inner\">\n\t\t\t\t<div class=\"elementor-element elementor-element-f457b86 elementor-widget elementor-widget-image\" data-id=\"f457b86\" data-element_type=\"widget\" data-e-type=\"widget\" data-widget_type=\"image.default\">\n\t\t\t\t<div class=\"elementor-widget-container\">\n\t\t\t\t\t\t\t\t\t\t\t\t\t\t\t<img decoding=\"async\" width=\"800\" height=\"203\" src=\"https:\/\/camilagroch.com\/wp-content\/uploads\/2023\/04\/Camila-about-02-1024x260.jpg\" class=\"attachment-large size-large wp-image-55\" alt=\"\" srcset=\"https:\/\/camilagroch.com\/wp-content\/uploads\/2023\/04\/Camila-about-02-1024x260.jpg 1024w, https:\/\/camilagroch.com\/wp-content\/uploads\/2023\/04\/Camila-about-02-300x76.jpg 300w, https:\/\/camilagroch.com\/wp-content\/uploads\/2023\/04\/Camila-about-02-768x195.jpg 768w, https:\/\/camilagroch.com\/wp-content\/uploads\/2023\/04\/Camila-about-02.jpg 1230w\" sizes=\"(max-width: 800px) 100vw, 800px\" \/>\t\t\t\t\t\t\t\t\t\t\t\t\t\t\t<\/div>\n\t\t\t\t<\/div>\n\t\t\t\t\t<\/div>\n\t\t\t\t<\/div>\n\t\t<div class=\"elementor-element elementor-element-304b09f e-flex e-con-boxed e-con e-parent\" data-id=\"304b09f\" data-element_type=\"container\" data-e-type=\"container\" data-settings=\"{&quot;jet_parallax_layout_list&quot;:[]}\">\n\t\t\t\t\t<div class=\"e-con-inner\">\n\t\t\t\t<div class=\"elementor-element elementor-element-a66ad8a elementor-widget elementor-widget-text-editor\" data-id=\"a66ad8a\" data-element_type=\"widget\" data-e-type=\"widget\" data-widget_type=\"text-editor.default\">\n\t\t\t\t<div class=\"elementor-widget-container\">\n\t\t\t\t\t\t\t\t\t<p><span style=\"font-weight: 400;\">I believe content can be both art and entertainment, and for it to be sustainable, it needs strategy, boldness, and humanity. Today, I am open to new collaborations\u2014whether in specific projects, consulting, courses and mentoring, or as a partner in innovative initiatives and businesses. If you are looking for a solid partnership to turn ideas into relevant content with high production value, let\u2019s talk!<\/span><\/p>\t\t\t\t\t\t\t\t<\/div>\n\t\t\t\t<\/div>\n\t\t\t\t\t<\/div>\n\t\t\t\t<\/div>\n\t\t<div class=\"elementor-element elementor-element-627c188 e-con-full e-flex e-con e-parent\" data-id=\"627c188\" data-element_type=\"container\" data-e-type=\"container\" data-settings=\"{&quot;jet_parallax_layout_list&quot;:[]}\">\n\t\t<div class=\"elementor-element elementor-element-fbef429 e-con-full e-flex e-con e-child\" data-id=\"fbef429\" data-element_type=\"container\" data-e-type=\"container\" data-settings=\"{&quot;jet_parallax_layout_list&quot;:[]}\">\n\t\t<div class=\"elementor-element elementor-element-0f7a268 e-con-full e-flex e-con e-child\" data-id=\"0f7a268\" data-element_type=\"container\" data-e-type=\"container\" data-settings=\"{&quot;jet_parallax_layout_list&quot;:[]}\">\n\t\t\t\t<div class=\"elementor-element elementor-element-89487d1 elementor-widget elementor-widget-text-editor\" data-id=\"89487d1\" data-element_type=\"widget\" data-e-type=\"widget\" data-widget_type=\"text-editor.default\">\n\t\t\t\t<div class=\"elementor-widget-container\">\n\t\t\t\t\t\t\t\t\t<p>More about:<\/p>\t\t\t\t\t\t\t\t<\/div>\n\t\t\t\t<\/div>\n\t\t\t\t<div class=\"elementor-element elementor-element-d2ef1ae elementor-align-center elementor-widget elementor-widget-button\" data-id=\"d2ef1ae\" data-element_type=\"widget\" data-e-type=\"widget\" data-widget_type=\"button.default\">\n\t\t\t\t<div class=\"elementor-widget-container\">\n\t\t\t\t\t\t\t\t\t<div class=\"elementor-button-wrapper\">\n\t\t\t\t\t<a class=\"elementor-button elementor-button-link elementor-size-md\" href=\"https:\/\/camilagroch.com\/wp-content\/uploads\/2023\/05\/CamilaGroch_CV_English_Apr23.pdf\" target=\"_blank\">\n\t\t\t\t\t\t<span class=\"elementor-button-content-wrapper\">\n\t\t\t\t\t\t\t\t\t<span class=\"elementor-button-text\">resume<\/span>\n\t\t\t\t\t<\/span>\n\t\t\t\t\t<\/a>\n\t\t\t\t<\/div>\n\t\t\t\t\t\t\t\t<\/div>\n\t\t\t\t<\/div>\n\t\t\t\t<div class=\"elementor-element elementor-element-11f7ce4 elementor-widget elementor-widget-image\" data-id=\"11f7ce4\" data-element_type=\"widget\" data-e-type=\"widget\" data-widget_type=\"image.default\">\n\t\t\t\t<div class=\"elementor-widget-container\">\n\t\t\t\t\t\t\t\t\t\t\t\t\t\t\t\t<a href=\"https:\/\/www.imdb.com\/name\/nm1058446\/\" target=\"_blank\">\n\t\t\t\t\t\t\t<img decoding=\"async\" width=\"111\" height=\"55\" src=\"https:\/\/camilagroch.com\/wp-content\/uploads\/2023\/04\/imbd-logo.png\" class=\"attachment-large size-large wp-image-129\" alt=\"\" \/>\t\t\t\t\t\t\t\t<\/a>\n\t\t\t\t\t\t\t\t\t\t\t\t\t\t\t<\/div>\n\t\t\t\t<\/div>\n\t\t\t\t<div class=\"elementor-element elementor-element-56596bd elementor-widget elementor-widget-image\" data-id=\"56596bd\" data-element_type=\"widget\" data-e-type=\"widget\" data-widget_type=\"image.default\">\n\t\t\t\t<div class=\"elementor-widget-container\">\n\t\t\t\t\t\t\t\t\t\t\t\t\t\t\t\t<a href=\"https:\/\/www.linkedin.com\/in\/camilagroch\/\" target=\"_blank\">\n\t\t\t\t\t\t\t<img loading=\"lazy\" decoding=\"async\" width=\"55\" height=\"55\" src=\"https:\/\/camilagroch.com\/wp-content\/uploads\/2023\/04\/linkdin-logo-1.png\" class=\"attachment-large size-large wp-image-131\" alt=\"\" \/>\t\t\t\t\t\t\t\t<\/a>\n\t\t\t\t\t\t\t\t\t\t\t\t\t\t\t<\/div>\n\t\t\t\t<\/div>\n\t\t\t\t<\/div>\n\t\t<div class=\"elementor-element elementor-element-5d02985 e-flex e-con-boxed e-con e-child\" data-id=\"5d02985\" data-element_type=\"container\" data-e-type=\"container\" data-settings=\"{&quot;jet_parallax_layout_list&quot;:[]}\">\n\t\t\t\t\t<div class=\"e-con-inner\">\n\t\t\t\t<div class=\"elementor-element elementor-element-d93121f elementor-widget elementor-widget-text-editor\" data-id=\"d93121f\" data-element_type=\"widget\" data-e-type=\"widget\" data-widget_type=\"text-editor.default\">\n\t\t\t\t<div class=\"elementor-widget-container\">\n\t\t\t\t\t\t\t\t\t<div class=\"gmail_default\"><strong>Photographs by:<\/strong>: Aline Arruda, Joana Luz, Carol da Riva, Camila Groch, Daniel Klajmik, Jeremy Frey, Juli\u00e1n Dalben, Thomas Baccaro, Priscila C. If you are the author of any image and you are not credited, please contact us so that we can correct this lapse. Thank you very much!<\/div>\t\t\t\t\t\t\t\t<\/div>\n\t\t\t\t<\/div>\n\t\t\t\t\t<\/div>\n\t\t\t\t<\/div>\n\t\t\t\t<div class=\"elementor-element elementor-element-99fedde elementor-widget elementor-widget-image\" data-id=\"99fedde\" data-element_type=\"widget\" data-e-type=\"widget\" data-widget_type=\"image.default\">\n\t\t\t\t<div class=\"elementor-widget-container\">\n\t\t\t\t\t\t\t\t\t\t\t\t\t\t\t<img fetchpriority=\"high\" decoding=\"async\" width=\"2113\" height=\"194\" src=\"https:\/\/camilagroch.com\/wp-content\/uploads\/2023\/04\/linhas-2.png\" class=\"attachment-full size-full wp-image-53\" alt=\"\" \/>\t\t\t\t\t\t\t\t\t\t\t\t\t\t\t<\/div>\n\t\t\t\t<\/div>\n\t\t\t\t<\/div>\n\t\t\t\t<\/div>\n\t\t\t\t<\/div>","protected":false},"excerpt":{"rendered":"<p>Ol\u00e1, eu sou a Camila!Executiva do setor audiovisual, com vis\u00e3o estrat\u00e9gica, sensibilidade criativa e experi\u00eancia na execu\u00e7\u00e3o de projetos de alto impacto. Aprendi com meu av\u00f4 que \u201c\u00e9 preciso ter os olhos ao redor da cabe\u00e7a\u201d para enxergar al\u00e9m do \u00f3bvio. Inspirada por essa sabedoria, constru\u00ed uma s\u00f3lida trajet\u00f3ria no audiovisual ao longo dos \u00faltimos [&hellip;]<\/p>","protected":false},"author":2,"featured_media":0,"parent":0,"menu_order":0,"comment_status":"closed","ping_status":"closed","template":"elementor_header_footer","meta":{"iawp_total_views":607,"footnotes":""},"class_list":["post-50","page","type-page","status-publish","hentry"],"yoast_head":"<!-- This site is optimized with the Yoast SEO plugin v27.2 - https:\/\/yoast.com\/product\/yoast-seo-wordpress\/ -->\n<title>About - Camila Groch<\/title>\n<meta name=\"robots\" content=\"index, follow, max-snippet:-1, max-image-preview:large, max-video-preview:-1\" \/>\n<link rel=\"canonical\" href=\"https:\/\/camilagroch.com\/en\/about\/\" \/>\n<meta property=\"og:locale\" content=\"en_US\" \/>\n<meta property=\"og:type\" content=\"article\" \/>\n<meta property=\"og:title\" content=\"About - Camila Groch\" \/>\n<meta property=\"og:description\" content=\"Ol\u00e1, eu sou a Camila!Executiva do setor audiovisual, com vis\u00e3o estrat\u00e9gica, sensibilidade criativa e experi\u00eancia na execu\u00e7\u00e3o de projetos de alto impacto. Aprendi com meu av\u00f4 que \u201c\u00e9 preciso ter os olhos ao redor da cabe\u00e7a\u201d para enxergar al\u00e9m do \u00f3bvio. Inspirada por essa sabedoria, constru\u00ed uma s\u00f3lida trajet\u00f3ria no audiovisual ao longo dos \u00faltimos [&hellip;]\" \/>\n<meta property=\"og:url\" content=\"https:\/\/camilagroch.com\/en\/about\/\" \/>\n<meta property=\"og:site_name\" content=\"Camila Groch\" \/>\n<meta property=\"article:modified_time\" content=\"2025-03-10T14:17:12+00:00\" \/>\n<meta property=\"og:image\" content=\"https:\/\/camilagroch.com\/wp-content\/uploads\/2023\/04\/linhas-2.png\" \/>\n\t<meta property=\"og:image:width\" content=\"2113\" \/>\n\t<meta property=\"og:image:height\" content=\"194\" \/>\n\t<meta property=\"og:image:type\" content=\"image\/png\" \/>\n<meta name=\"twitter:card\" content=\"summary_large_image\" \/>\n<meta name=\"twitter:label1\" content=\"Est. reading time\" \/>\n\t<meta name=\"twitter:data1\" content=\"3 minutes\" \/>\n<script type=\"application\/ld+json\" class=\"yoast-schema-graph\">{\"@context\":\"https:\/\/schema.org\",\"@graph\":[{\"@type\":\"WebPage\",\"@id\":\"https:\/\/camilagroch.com\/about\/\",\"url\":\"https:\/\/camilagroch.com\/about\/\",\"name\":\"About - Camila Groch\",\"isPartOf\":{\"@id\":\"https:\/\/camilagroch.com\/#website\"},\"primaryImageOfPage\":{\"@id\":\"https:\/\/camilagroch.com\/about\/#primaryimage\"},\"image\":{\"@id\":\"https:\/\/camilagroch.com\/about\/#primaryimage\"},\"thumbnailUrl\":\"https:\/\/camilagroch.com\/wp-content\/uploads\/2023\/04\/linhas-2.png\",\"datePublished\":\"2023-04-16T06:10:11+00:00\",\"dateModified\":\"2025-03-10T14:17:12+00:00\",\"breadcrumb\":{\"@id\":\"https:\/\/camilagroch.com\/about\/#breadcrumb\"},\"inLanguage\":\"en-US\",\"potentialAction\":[{\"@type\":\"ReadAction\",\"target\":[\"https:\/\/camilagroch.com\/about\/\"]}]},{\"@type\":\"ImageObject\",\"inLanguage\":\"en-US\",\"@id\":\"https:\/\/camilagroch.com\/about\/#primaryimage\",\"url\":\"https:\/\/camilagroch.com\/wp-content\/uploads\/2023\/04\/linhas-2.png\",\"contentUrl\":\"https:\/\/camilagroch.com\/wp-content\/uploads\/2023\/04\/linhas-2.png\"},{\"@type\":\"BreadcrumbList\",\"@id\":\"https:\/\/camilagroch.com\/about\/#breadcrumb\",\"itemListElement\":[{\"@type\":\"ListItem\",\"position\":1,\"name\":\"In\u00edcio\",\"item\":\"https:\/\/camilagroch.com\/\"},{\"@type\":\"ListItem\",\"position\":2,\"name\":\"About\"}]},{\"@type\":\"WebSite\",\"@id\":\"https:\/\/camilagroch.com\/#website\",\"url\":\"https:\/\/camilagroch.com\/\",\"name\":\"Camila Groch\",\"description\":\"\",\"publisher\":{\"@id\":\"https:\/\/camilagroch.com\/#organization\"},\"potentialAction\":[{\"@type\":\"SearchAction\",\"target\":{\"@type\":\"EntryPoint\",\"urlTemplate\":\"https:\/\/camilagroch.com\/?s={search_term_string}\"},\"query-input\":{\"@type\":\"PropertyValueSpecification\",\"valueRequired\":true,\"valueName\":\"search_term_string\"}}],\"inLanguage\":\"en-US\"},{\"@type\":\"Organization\",\"@id\":\"https:\/\/camilagroch.com\/#organization\",\"name\":\"Camila Groch\",\"url\":\"https:\/\/camilagroch.com\/\",\"logo\":{\"@type\":\"ImageObject\",\"inLanguage\":\"en-US\",\"@id\":\"https:\/\/camilagroch.com\/#\/schema\/logo\/image\/\",\"url\":\"https:\/\/camilagroch.com\/wp-content\/uploads\/2023\/05\/cropped-favicon-camila.jpg\",\"contentUrl\":\"https:\/\/camilagroch.com\/wp-content\/uploads\/2023\/05\/cropped-favicon-camila.jpg\",\"width\":512,\"height\":512,\"caption\":\"Camila Groch\"},\"image\":{\"@id\":\"https:\/\/camilagroch.com\/#\/schema\/logo\/image\/\"}}]}<\/script>\n<!-- \/ Yoast SEO plugin. -->","yoast_head_json":{"title":"About - Camila Groch","robots":{"index":"index","follow":"follow","max-snippet":"max-snippet:-1","max-image-preview":"max-image-preview:large","max-video-preview":"max-video-preview:-1"},"canonical":"https:\/\/camilagroch.com\/en\/about\/","og_locale":"en_US","og_type":"article","og_title":"About - Camila Groch","og_description":"Ol\u00e1, eu sou a Camila!Executiva do setor audiovisual, com vis\u00e3o estrat\u00e9gica, sensibilidade criativa e experi\u00eancia na execu\u00e7\u00e3o de projetos de alto impacto. Aprendi com meu av\u00f4 que \u201c\u00e9 preciso ter os olhos ao redor da cabe\u00e7a\u201d para enxergar al\u00e9m do \u00f3bvio. Inspirada por essa sabedoria, constru\u00ed uma s\u00f3lida trajet\u00f3ria no audiovisual ao longo dos \u00faltimos [&hellip;]","og_url":"https:\/\/camilagroch.com\/en\/about\/","og_site_name":"Camila Groch","article_modified_time":"2025-03-10T14:17:12+00:00","og_image":[{"width":2113,"height":194,"url":"https:\/\/camilagroch.com\/wp-content\/uploads\/2023\/04\/linhas-2.png","type":"image\/png"}],"twitter_card":"summary_large_image","twitter_misc":{"Est. reading time":"3 minutes"},"schema":{"@context":"https:\/\/schema.org","@graph":[{"@type":"WebPage","@id":"https:\/\/camilagroch.com\/about\/","url":"https:\/\/camilagroch.com\/about\/","name":"About - Camila Groch","isPartOf":{"@id":"https:\/\/camilagroch.com\/#website"},"primaryImageOfPage":{"@id":"https:\/\/camilagroch.com\/about\/#primaryimage"},"image":{"@id":"https:\/\/camilagroch.com\/about\/#primaryimage"},"thumbnailUrl":"https:\/\/camilagroch.com\/wp-content\/uploads\/2023\/04\/linhas-2.png","datePublished":"2023-04-16T06:10:11+00:00","dateModified":"2025-03-10T14:17:12+00:00","breadcrumb":{"@id":"https:\/\/camilagroch.com\/about\/#breadcrumb"},"inLanguage":"en-US","potentialAction":[{"@type":"ReadAction","target":["https:\/\/camilagroch.com\/about\/"]}]},{"@type":"ImageObject","inLanguage":"en-US","@id":"https:\/\/camilagroch.com\/about\/#primaryimage","url":"https:\/\/camilagroch.com\/wp-content\/uploads\/2023\/04\/linhas-2.png","contentUrl":"https:\/\/camilagroch.com\/wp-content\/uploads\/2023\/04\/linhas-2.png"},{"@type":"BreadcrumbList","@id":"https:\/\/camilagroch.com\/about\/#breadcrumb","itemListElement":[{"@type":"ListItem","position":1,"name":"In\u00edcio","item":"https:\/\/camilagroch.com\/"},{"@type":"ListItem","position":2,"name":"About"}]},{"@type":"WebSite","@id":"https:\/\/camilagroch.com\/#website","url":"https:\/\/camilagroch.com\/","name":"Camila Groch","description":"","publisher":{"@id":"https:\/\/camilagroch.com\/#organization"},"potentialAction":[{"@type":"SearchAction","target":{"@type":"EntryPoint","urlTemplate":"https:\/\/camilagroch.com\/?s={search_term_string}"},"query-input":{"@type":"PropertyValueSpecification","valueRequired":true,"valueName":"search_term_string"}}],"inLanguage":"en-US"},{"@type":"Organization","@id":"https:\/\/camilagroch.com\/#organization","name":"Camila Groch","url":"https:\/\/camilagroch.com\/","logo":{"@type":"ImageObject","inLanguage":"en-US","@id":"https:\/\/camilagroch.com\/#\/schema\/logo\/image\/","url":"https:\/\/camilagroch.com\/wp-content\/uploads\/2023\/05\/cropped-favicon-camila.jpg","contentUrl":"https:\/\/camilagroch.com\/wp-content\/uploads\/2023\/05\/cropped-favicon-camila.jpg","width":512,"height":512,"caption":"Camila Groch"},"image":{"@id":"https:\/\/camilagroch.com\/#\/schema\/logo\/image\/"}}]}},"_links":{"self":[{"href":"https:\/\/camilagroch.com\/en\/wp-json\/wp\/v2\/pages\/50","targetHints":{"allow":["GET"]}}],"collection":[{"href":"https:\/\/camilagroch.com\/en\/wp-json\/wp\/v2\/pages"}],"about":[{"href":"https:\/\/camilagroch.com\/en\/wp-json\/wp\/v2\/types\/page"}],"author":[{"embeddable":true,"href":"https:\/\/camilagroch.com\/en\/wp-json\/wp\/v2\/users\/2"}],"replies":[{"embeddable":true,"href":"https:\/\/camilagroch.com\/en\/wp-json\/wp\/v2\/comments?post=50"}],"version-history":[{"count":145,"href":"https:\/\/camilagroch.com\/en\/wp-json\/wp\/v2\/pages\/50\/revisions"}],"predecessor-version":[{"id":1511,"href":"https:\/\/camilagroch.com\/en\/wp-json\/wp\/v2\/pages\/50\/revisions\/1511"}],"wp:attachment":[{"href":"https:\/\/camilagroch.com\/en\/wp-json\/wp\/v2\/media?parent=50"}],"curies":[{"name":"wp","href":"https:\/\/api.w.org\/{rel}","templated":true}]}}